
{"id":471,"date":"2023-10-20T21:30:09","date_gmt":"2023-10-20T20:30:09","guid":{"rendered":"https:\/\/www.munerotto.it\/?page_id=471"},"modified":"2023-10-20T22:43:37","modified_gmt":"2023-10-20T21:43:37","slug":"zerozerocinque","status":"publish","type":"page","link":"https:\/\/www.munerotto.it\/?page_id=471","title":{"rendered":"zerozerocinque"},"content":{"rendered":"\n<figure class=\"wp-block-image size-large\"><a href=\"http:\/\/www.zerozerocinque.it\/\" target=\"_blank\" rel=\"noreferrer noopener\"><img decoding=\"async\" src=\"https:\/\/www.munerotto.it\/mune.old\/imgs\/Banner-0_05.jpg\" alt=\"\"\/><\/a><\/figure>\n\n\n\n<p class=\"has-text-align-center\"><strong>Una mini tassa dello 0,05% sulle speculazioni finanziarie frena la speculazione e genera miliardi di euro l&#8217;anno per salvare le persone ed il pianeta!<\/strong><\/p>\n\n\n\n<hr class=\"wp-block-separator alignfull has-alpha-channel-opacity is-style-wide\"\/>\n\n\n\n<p>Il pi\u00f9 grande alibi per non introdurla  \u00e8 <\/p>\n\n\n\n<blockquote class=\"wp-block-quote is-layout-flow wp-block-quote-is-layout-flow\">\n<p>Se non lo fanno tutti non si pu\u00f2 fare<\/p>\n<cite>banchieri<\/cite><\/blockquote>\n\n\n\n<div class=\"wp-block-group\"><div class=\"wp-block-group__inner-container is-layout-constrained wp-block-group-is-layout-constrained\">\n<p>La soluzione \u00e8 semplice:<\/p>\n\n\n\n<p>Se la transazione va o proviene da una istituzione che aderisce al progetto zerozerocinque \u00e8 dello <span style=\"text-decoration: underline;\">0,05%<\/span> se una delle due parti non non ne fa parte allora sar\u00e0 tassata con una aliquota ben pi\u00f9 alta  (<span style=\"text-decoration: underline;\">2%?<\/span>).<\/p>\n<\/div><\/div>\n","protected":false},"excerpt":{"rendered":"<p>Una mini tassa dello 0,05% sulle speculazioni finanziarie frena la speculazione e genera miliardi di euro l&#8217;anno per salvare le persone ed il pianeta! Il pi\u00f9 grande alibi per non introdurla \u00e8 Se non lo fanno tutti non si pu\u00f2 fare banchieri La soluzione \u00e8 semplice: Se la transazione va o proviene da una istituzione &hellip; <a href=\"https:\/\/www.munerotto.it\/?page_id=471\" class=\"more-link\">Continua la lettura di <span class=\"screen-reader-text\">zerozerocinque<\/span> <span class=\"meta-nav\">&rarr;<\/span><\/a><\/p>\n","protected":false},"author":1,"featured_media":0,"parent":0,"menu_order":0,"comment_status":"closed","ping_status":"closed","template":"","meta":{"footnotes":""},"class_list":["post-471","page","type-page","status-publish","hentry"],"_links":{"self":[{"href":"https:\/\/www.munerotto.it\/index.php?rest_route=\/wp\/v2\/pages\/471","targetHints":{"allow":["GET"]}}],"collection":[{"href":"https:\/\/www.munerotto.it\/index.php?rest_route=\/wp\/v2\/pages"}],"about":[{"href":"https:\/\/www.munerotto.it\/index.php?rest_route=\/wp\/v2\/types\/page"}],"author":[{"embeddable":true,"href":"https:\/\/www.munerotto.it\/index.php?rest_route=\/wp\/v2\/users\/1"}],"replies":[{"embeddable":true,"href":"https:\/\/www.munerotto.it\/index.php?rest_route=%2Fwp%2Fv2%2Fcomments&post=471"}],"version-history":[{"count":4,"href":"https:\/\/www.munerotto.it\/index.php?rest_route=\/wp\/v2\/pages\/471\/revisions"}],"predecessor-version":[{"id":482,"href":"https:\/\/www.munerotto.it\/index.php?rest_route=\/wp\/v2\/pages\/471\/revisions\/482"}],"wp:attachment":[{"href":"https:\/\/www.munerotto.it\/index.php?rest_route=%2Fwp%2Fv2%2Fmedia&parent=471"}],"curies":[{"name":"wp","href":"https:\/\/api.w.org\/{rel}","templated":true}]}}