
{"id":168,"date":"2015-08-30T22:36:49","date_gmt":"2015-08-30T21:36:49","guid":{"rendered":"https:\/\/www.munerotto.it\/?page_id=168"},"modified":"2015-09-01T21:05:44","modified_gmt":"2015-09-01T20:05:44","slug":"informativa-privacy","status":"publish","type":"page","link":"https:\/\/www.munerotto.it\/?page_id=168","title":{"rendered":"Informativa Privacy"},"content":{"rendered":"<h1 class=\"western\">Informativa Privacy<\/h1>\n<p>La presente Informativa \u00e8 fornita da Federico Munerotto (di seguito, \u201cl\u2019Autore\u201d) ai sensi dell\u2019art. 13 del Decreto Legislativo 20 giugno 2003 n. 196 \u2013 Codice in materia di protezione dei dati personali e si applica esclusivamente ai dati raccolti attraverso il sito <a href=\"http:\/\/www.mune-wen.eu\/\">www.mune-wen.eu<\/a> (di seguito \u201cil Sito\u201d).<\/p>\n<p>&nbsp;<\/p>\n<p><strong>Titolare del trattamento<\/strong><\/p>\n<p>Federico Munerotto, <a href=\"mailto:info@munerotto.it\">info@munerotto.it<\/a><\/p>\n<p>&nbsp;<\/p>\n<p><strong>Tipi di dati trattati<\/strong><\/p>\n<ul>\n<li><u>Dati forniti volontariamente dall\u2019utente<\/u>Il Sito raccoglie e tratta alcuni dati personali (nome, cognome, indirizzo e-mail, recapito postale, ecc) forniti dagli utenti attraverso la compilazione dei moduli (di registrazione alla newsletter o di contatto) oppure attraverso l\u2019invio tramite posta elettronica o attraverso l&#8217;esplicito consenso ad ottenere tali dati dai social network a cui l&#8217;utente \u00e8 gi\u00e0 iscitto.I dati in questione saranno utilizzati esclusivamente per le finalit\u00e0 indicate in relazione alla fruizione dei servizi.<\/li>\n<li><u>Dati di Navigazione<\/u>I sistemi informatici e le procedure software preposte al funzionamento del Sito acquisiscono, nel corso del loro normale esercizio, alcuni dati personali la cui trasmissione \u00e8 implicita nell\u2019uso dei protocolli di comunicazione di Internet. Si tratta d\u2019informazioni che non sono raccolte per essere associate ad interessati identificati, ma che per loro stessa natura potrebbero, attraverso elaborazioni ed associazioni con dati detenuti da terzi, permettere di identificare gli utenti. In questa categoria di dati rientrano gli indirizzi IP o i nomi a dominio dei computer utilizzati dagli utenti che si connettono al sito, gli indirizzi in notazione URI (Uniform Resource Identifier) delle risorse richieste, l\u2019orario della richiesta, il metodo utilizzato nel sottoporre la richiesta al server, la dimensione del file ottenuto in risposta, il codice numerico indicante lo stato della risposta data dal server (buon fine, errore, ecc.) ed altri parametri relativi al sistema operativo e all\u2019ambiente informatico dell\u2019utente. Questi dati sono utilizzati al solo fine di ricavare informazioni statistiche anonime sull\u2019uso del Sito, per il miglioramento del servizio e per controllarne il corretto funzionamento e vengono cancellati immediatamente dopo l\u2019elaborazione. I dati potrebbero essere utilizzati per l\u2019accertamento di responsabilit\u00e0 in caso di ipotetici reati informatici ai danni del Sito.<\/li>\n<li><u>Cookie<\/u>L&#8217;utente pu\u00f2 esprimere il proprio consenso all&#8217;utilizzo dei cookie proseguendo la navigazione sui Siti, ovvero compiendo un&#8217;azione di scorrimento, cliccando su uno dei link interni delle pagine dei Siti, oppure cliccando sul tasto &#8220;Accetta&#8221; dell&#8217;informativa breve visibile ad ogni primo accesso sui Siti, come previsto dal provvedimento del Garante per la protezione dei dati personali (n. 229 dell&#8217;8 maggio 2014).I cookie sono costituiti da porzioni di codice (file informatici o dati parziali) inviate da un server al browser Internet dell&#8217;utente, da detto browser memorizzati automaticamente sul computer dell&#8217;utente e rinviati automaticamente al server ad ogni occorrenza o successivo accesso al sito. Solitamente un cookie contiene il nome del sito internet dal quale il cookie stesso proviene, la durata vitale del cookie (ovvero per quanto tempo rimarr\u00e0 sul dispositivo dell&#8217;utente) ed un valore, che di regola \u00e8 un numero unico generato in modo casuale. Ad ogni visita successiva i cookie sono rinviati al sito web che li ha originati (cookie di prime parti) o a un altro sito che li riconosce (cookie di terze parti). I cookie sono utili perch\u00e9 consentono a un sito web di riconoscere il dispositivo dell&#8217;utente e hanno diverse finalit\u00e0 come, per esempio, consentire di navigare efficientemente tra le pagine, ricordare i siti preferiti e, in generale, migliorare l&#8217;esperienza di navigazione. Contribuiscono anche a garantire che i contenuti pubblicitari visualizzati online siano pi\u00f9 mirati ad un utente e ai suoi interessi.\n<p>Se l&#8217;utente decide di disabilitare i cookie, ci\u00f2 potrebbe influenzare e\/o limitare la sua esperienza di navigazione all&#8217;interno dei Siti, per esempio potrebbe non essere in grado di visitare determinate sezioni di un Sito o potrebbe non ricevere informazioni personalizzate quando visita i Siti.<\/p>\n<p>Le modalit\u00e0 di funzionamento nonch\u00e9 le opzioni per limitare o bloccare i cookie, possono essere regolate modificando le impostazioni del proprio browser internet. La maggioranza dei browser internet sono inizialmente impostati per accettare i cookie in modo automatico, l&#8217;utente pu\u00f2 tuttavia modificare queste impostazioni per bloccare i cookie o per essere avvertito ogniqualvolta dei cookie vengano inviati al suo dispositivo. Esistono diversi modi per gestire i cookie, a tal fine occorre fare riferimento alla schermata di aiuto del proprio browser per verificare come regolare o modificare le impostazioni dello stesso. L&#8217;utente \u00e8 abilitato, infatti, a modificare la configurazione predefinita e disabilitare i cookie (cio\u00e8 bloccarli in via definitiva), impostando il livello di protezione pi\u00f9 elevato.<\/p>\n<p>Qui sotto il percorso da seguire per gestire i cookie dai seguenti browser:<\/p>\n<p><strong>Chrome<\/strong>: <a href=\"https:\/\/support.google.com\/chrome\/answer\/95647?hl=it-IT&amp;hlrm=fr&amp;hlrm=en\" target=\"_blank\">https:\/\/support.google.com\/chrome\/answer\/95647?hl=it-IT&amp;hlrm=fr&amp;hlrm=en<\/a><br \/>\n<strong>Internet Explorer<\/strong>: <a href=\"http:\/\/windows.microsoft.com\/it-it\/windows7\/block-enable-or-allow-cookies\" target=\"_blank\">http:\/\/windows.microsoft.com\/it-it\/windows7\/block-enable-or-allow-cookies<\/a><br \/>\n<strong>Safari<\/strong>: <a href=\"http:\/\/support.apple.com\/kb\/PH11913\" target=\"_blank\">http:\/\/support.apple.com\/kb\/PH11913<\/a><br \/>\n<strong>Firefox<\/strong>: <a href=\"http:\/\/support.mozilla.org\/it-IT\/kb\/enable-and-disable-cookies-website-preferences\" target=\"_blank\">http:\/\/support.mozilla.org\/it-IT\/kb\/enable-and-disable-cookies-website-preferences<\/a><\/p>\n<p>Se l&#8217;utente usa dispositivi diversi tra loro per visualizzare e accedere ai Siti (per esempio, computer, smartphone, tablet, ecc.), deve assicurarsi che ciascun browser su ciascun dispositivo sia regolato per riflettere le proprie preferenze relative ai cookie. Per eliminare i cookie dal browser Internet del proprio smartphone\/tablet \u00e8 necessario fare riferimento al manuale d&#8217;uso del dispositivo.<\/p>\n<p>I Siti utilizzano diverse tipologie di cookie ognuna delle quali ha una specifica funzione. Il sito utilizza i cookie per rendere la navigazione pi\u00f9 semplice e per meglio adattare sia le pagine caricate che i propri prodotti agli interessi e ai bisogni degli utenti. I cookie possono essere usati anche per velocizzare le future esperienze e le attivit\u00e0 degli utenti sul sito. Inoltre, sono utilizzati cookie per compilare statistiche anonime aggregate che consentono di capire come gli utenti utilizzano il sito e per migliorare la struttura e i contenuti dei Siti stessi.<\/p>\n<p>Di seguito un elenco esplicativo.<\/li>\n<li><i>Cookie tecnici<\/i>I cookie &#8220;tecnici&#8221; sono essenziali per il corretto funzionamento del sito e consentono agli utenti di navigare sul sito e di sfruttarne le caratteristiche (ad esempio consentono la memorizzazione di azioni precedenti o permettono di salvare la sessione dell&#8217;utente e\/o di svolgere altre attivit\u00e0 strettamente necessarie al funzionamento del sito).A questa categoria appartengono anche i cookie &#8220;analitici&#8221; che aiutano a capire come gli utenti interagiscono con il sito fornendo informazioni relative all&#8217;ultima pagina visitata, il numero di sezioni e pagine visitate, al tempo trascorso sul sito e ad ogni vicenda sia emersa nel corso della navigazione, come ad esempio un messaggio di errore, e aiutano a comprendere ogni difficolt\u00e0 che l&#8217;utente incontra nell&#8217;utilizzo del sito. Queste informazioni potrebbero essere associate a dettagli dell&#8217;utente quali indirizzo IP, dominio o browser; tuttavia, vengono analizzate insieme a informazioni di altri utenti in modo da non identificare un determinato utente rispetto all&#8217;altro. Questi cookie vengono raccolti e aggregati in forma anonima e consentono al gestore del sito di migliorare l&#8217;usabilit\u00e0 del sito.<\/li>\n<li>I cookie di &#8220;funzionalit\u00e0&#8221; permettono al sito di ricordare le scelte dell&#8217;utente (per esempio il nome utente) per fornire a quest&#8217;ultimo una navigazione pi\u00f9 personalizzata ed ottimizzata. I cookie funzionali non sono indispensabili al funzionamento dei Siti, ma ne migliorano la qualit\u00e0 e l&#8217;esperienza di navigazione. Se non si accettano questi cookie, la resa e la funzionalit\u00e0 del sito potrebbero risultare inferiori e l&#8217;accesso ai contenuti del sito potrebbe risultare limitato.<\/li>\n<li>I cookie di &#8220;condivisione&#8221; (o di social network) sono necessari per permettere all&#8217;utente di interagire con i Siti attraverso il proprio account social e servono, ad esempio, per esprimere un apprezzamento e per condividerlo con i relativi contatti social.Il sito utilizza o pu\u00f2 utilizzare, anche in combinazione tra di loro, cookie:<\/li>\n<li>di &#8220;sessione&#8221; che vengono memorizzati sul computer dell&#8217;utente per mere esigenze tecnico-funzionali, per la trasmissione di identificativi di sessione necessari per consentire l&#8217;esplorazione sicura ed efficiente del sito; essi si cancellano al termine della &#8220;sessione&#8221; (da cui il nome) con la chiusura del browser;<\/li>\n<li>&#8220;persistenti&#8221; che rimangono memorizzati sul disco rigido del computer fino alla loro scadenza o cancellazione da parte degli utenti. Tramite i cookie persistenti gli utenti che accedono ai siti (o eventuali altri utenti che impiegano il medesimo computer) vengono automaticamente riconosciuti a ogni visita.<\/li>\n<\/ul>\n<p><strong>Diritti degli interessati<\/strong><\/p>\n<p>I soggetti cui si riferiscono i dati personali hanno il diritto in qualunque momento di ottenere la conferma dell\u2019esistenza o meno dei medesimi dati e di conoscerne il contenuto e l\u2019origine, verificarne l\u2019esattezza o chiederne l\u2019integrazione o l\u2019aggiornamento, oppure la rettifica (art. 7 del D.Lgs. n. 196\/2003). Ai sensi del medesimo articolo si ha il diritto di chiedere la cancellazione, la trasformazione in forma anonima o il blocco dei dati trattati in violazione di legge, nonch\u00e9 di opporsi in ogni caso, per motivi legittimi, al loro trattamento. Le richieste vanno rivolte via e-mail, all\u2019indirizzo: info@munerotto.it<\/p>\n<p>&nbsp;<\/p>\n<p><strong>Modifiche alla presente informativa privacy<\/strong><\/p>\n<p>L\u2019Autore\u00a0si riserva il diritto di aggiornare la presente Informativa per adeguarla alla normativa vigente, per adeguarsi alle innovazioni tecnologiche o per altri motivi.<\/p>\n<p>Le modifiche saranno riportate sul Sito.<\/p>\n","protected":false},"excerpt":{"rendered":"<p>Informativa Privacy La presente Informativa \u00e8 fornita da Federico Munerotto (di seguito, \u201cl\u2019Autore\u201d) ai sensi dell\u2019art. 13 del Decreto Legislativo 20 giugno 2003 n. 196 \u2013 Codice in materia di protezione dei dati personali e si applica esclusivamente ai dati raccolti attraverso il sito www.mune-wen.eu (di seguito \u201cil Sito\u201d). &nbsp; Titolare del trattamento Federico Munerotto, &hellip; <a href=\"https:\/\/www.munerotto.it\/?page_id=168\" class=\"more-link\">Continua la lettura di <span class=\"screen-reader-text\">Informativa Privacy<\/span> <span class=\"meta-nav\">&rarr;<\/span><\/a><\/p>\n","protected":false},"author":1,"featured_media":0,"parent":0,"menu_order":0,"comment_status":"closed","ping_status":"closed","template":"","meta":{"footnotes":""},"class_list":["post-168","page","type-page","status-publish","hentry"],"_links":{"self":[{"href":"https:\/\/www.munerotto.it\/index.php?rest_route=\/wp\/v2\/pages\/168","targetHints":{"allow":["GET"]}}],"collection":[{"href":"https:\/\/www.munerotto.it\/index.php?rest_route=\/wp\/v2\/pages"}],"about":[{"href":"https:\/\/www.munerotto.it\/index.php?rest_route=\/wp\/v2\/types\/page"}],"author":[{"embeddable":true,"href":"https:\/\/www.munerotto.it\/index.php?rest_route=\/wp\/v2\/users\/1"}],"replies":[{"embeddable":true,"href":"https:\/\/www.munerotto.it\/index.php?rest_route=%2Fwp%2Fv2%2Fcomments&post=168"}],"version-history":[{"count":4,"href":"https:\/\/www.munerotto.it\/index.php?rest_route=\/wp\/v2\/pages\/168\/revisions"}],"predecessor-version":[{"id":172,"href":"https:\/\/www.munerotto.it\/index.php?rest_route=\/wp\/v2\/pages\/168\/revisions\/172"}],"wp:attachment":[{"href":"https:\/\/www.munerotto.it\/index.php?rest_route=%2Fwp%2Fv2%2Fmedia&parent=168"}],"curies":[{"name":"wp","href":"https:\/\/api.w.org\/{rel}","templated":true}]}}